{"id":76,"date":"2026-02-07T12:06:20","date_gmt":"2026-02-07T12:06:20","guid":{"rendered":"https:\/\/gwintowanielodz.pl\/?page_id=76"},"modified":"2026-02-07T12:09:11","modified_gmt":"2026-02-07T12:09:11","slug":"gotowe-produkty","status":"publish","type":"page","link":"https:\/\/gwintowanielodz.pl\/index.php\/gotowe-produkty\/","title":{"rendered":"Gotowe produkty"},"content":{"rendered":"\n<p>Oferujemy gotowe produkty takie jak:<\/p>\n\n\n\n<ul class=\"wp-block-list\">\n<li>kotwy fundamentowe r\u00f3\u017cnego typu, kotwy p\u0142ytkowe, kotwy fajkowe, kotwy proste <br>wi\u0119cej na <a href=\"https:\/\/kotwyfundamentowe.pl\">www.kotwyfundamentowe.pl<\/a> &#8211; sklep internetowy z kotwami<br><\/li>\n\n\n\n<li>st\u0119\u017cenia do hal przemys\u0142owych <br>Mo\u017cemy wykona\u0107 gotowe st\u0119\u017cenia wraz z uchwytami monta\u017cowymi do przekr\u0119cania <br><\/li>\n\n\n\n<li>r\u00f3\u017cnego rodzaju konstrukcje stalowe z wykorzystaniem pr\u0119t\u00f3w gwintowanych<br>Mo\u017cliwo\u015bci naszego zak\u0142adu produkcyjnego poszerza park maszynowy: <br>&#8211; wycinarka laserowa do blach <br>&#8211; wycinarka laserowa obrotowa do kszta\u0142townik\u00f3w<br>&#8211; gi\u0119tarka do pr\u0119t\u00f3w do 40mm \u015brednicy<br>&#8211; gi\u0119tarka hydrauliczna 3m <br>&#8211; pi\u0142y ta\u015bmowe do 500mm <br>&#8211; spawanie r\u00f3\u017cnymi metodami <\/li>\n<\/ul>\n\n\n\n<p><strong>Masz pytania? szukasz wykonawcy zadzwo\u0144 515 582 006 lub napisz biuro@pmsta.pl<\/strong><\/p>\n","protected":false},"excerpt":{"rendered":"<p>Oferujemy gotowe produkty takie jak: Masz pytania? szukasz wykonawcy zadzwo\u0144 515 582 006 lub napisz biuro@pmsta.pl<\/p>\n","protected":false},"author":1,"featured_media":0,"parent":0,"menu_order":0,"comment_status":"closed","ping_status":"closed","template":"","meta":{"saved_in_kubio":true,"footnotes":""},"class_list":["post-76","page","type-page","status-publish","hentry"],"kubio_ai_page_context":{"short_desc":"","purpose":"general"},"_links":{"self":[{"href":"https:\/\/gwintowanielodz.pl\/index.php\/wp-json\/wp\/v2\/pages\/76","targetHints":{"allow":["GET"]}}],"collection":[{"href":"https:\/\/gwintowanielodz.pl\/index.php\/wp-json\/wp\/v2\/pages"}],"about":[{"href":"https:\/\/gwintowanielodz.pl\/index.php\/wp-json\/wp\/v2\/types\/page"}],"author":[{"embeddable":true,"href":"https:\/\/gwintowanielodz.pl\/index.php\/wp-json\/wp\/v2\/users\/1"}],"replies":[{"embeddable":true,"href":"https:\/\/gwintowanielodz.pl\/index.php\/wp-json\/wp\/v2\/comments?post=76"}],"version-history":[{"count":4,"href":"https:\/\/gwintowanielodz.pl\/index.php\/wp-json\/wp\/v2\/pages\/76\/revisions"}],"predecessor-version":[{"id":82,"href":"https:\/\/gwintowanielodz.pl\/index.php\/wp-json\/wp\/v2\/pages\/76\/revisions\/82"}],"wp:attachment":[{"href":"https:\/\/gwintowanielodz.pl\/index.php\/wp-json\/wp\/v2\/media?parent=76"}],"curies":[{"name":"wp","href":"https:\/\/api.w.org\/{rel}","templated":true}]}}