{"id":67,"date":"2026-02-07T11:51:25","date_gmt":"2026-02-07T11:51:25","guid":{"rendered":"https:\/\/gwintowanielodz.pl\/?page_id=67"},"modified":"2026-02-07T11:51:25","modified_gmt":"2026-02-07T11:51:25","slug":"kontakt","status":"publish","type":"page","link":"https:\/\/gwintowanielodz.pl\/index.php\/kontakt\/","title":{"rendered":"Kontakt"},"content":{"rendered":"\n<h2 class=\"wp-block-heading\">gwintowanie@pmstal.pl lub pod numerem telefonu 515 582 006<\/h2>\n\n\n\n<p><strong>PM Stal sp. z o.o.<br>Dalik\u00f3w ul. \u0141\u0119czycka 4<br>99-205 Dalik\u00f3w<br>NIP 828-14-23-942<br>KRS 0001143358<\/strong><\/p>\n","protected":false},"excerpt":{"rendered":"<p>gwintowanie@pmstal.pl lub pod numerem telefonu 515 582 006 PM Stal sp. z o.o.Dalik\u00f3w ul. \u0141\u0119czycka 499-205 Dalik\u00f3wNIP 828-14-23-942KRS 0001143358<\/p>\n","protected":false},"author":1,"featured_media":0,"parent":0,"menu_order":0,"comment_status":"closed","ping_status":"closed","template":"","meta":{"saved_in_kubio":false,"footnotes":""},"class_list":["post-67","page","type-page","status-publish","hentry"],"kubio_ai_page_context":{"short_desc":"","purpose":"general"},"_links":{"self":[{"href":"https:\/\/gwintowanielodz.pl\/index.php\/wp-json\/wp\/v2\/pages\/67","targetHints":{"allow":["GET"]}}],"collection":[{"href":"https:\/\/gwintowanielodz.pl\/index.php\/wp-json\/wp\/v2\/pages"}],"about":[{"href":"https:\/\/gwintowanielodz.pl\/index.php\/wp-json\/wp\/v2\/types\/page"}],"author":[{"embeddable":true,"href":"https:\/\/gwintowanielodz.pl\/index.php\/wp-json\/wp\/v2\/users\/1"}],"replies":[{"embeddable":true,"href":"https:\/\/gwintowanielodz.pl\/index.php\/wp-json\/wp\/v2\/comments?post=67"}],"version-history":[{"count":1,"href":"https:\/\/gwintowanielodz.pl\/index.php\/wp-json\/wp\/v2\/pages\/67\/revisions"}],"predecessor-version":[{"id":68,"href":"https:\/\/gwintowanielodz.pl\/index.php\/wp-json\/wp\/v2\/pages\/67\/revisions\/68"}],"wp:attachment":[{"href":"https:\/\/gwintowanielodz.pl\/index.php\/wp-json\/wp\/v2\/media?parent=67"}],"curies":[{"name":"wp","href":"https:\/\/api.w.org\/{rel}","templated":true}]}}